{"id":335,"date":"2015-04-29T19:50:14","date_gmt":"2015-04-29T17:50:14","guid":{"rendered":"http:\/\/www.coguric-matak.hr\/usluge-2\/"},"modified":"2015-07-16T13:30:12","modified_gmt":"2015-07-16T11:30:12","slug":"services","status":"publish","type":"page","link":"https:\/\/www.coguric-matak.hr\/en\/services\/","title":{"rendered":"Services"},"content":{"rendered":"<p>[vc_row row_type=&#8221;row&#8221; use_row_as_full_screen_section=&#8221;no&#8221; type=&#8221;full_width&#8221; in_content_menu=&#8221;&#8221; icon_pack=&#8221;font_awesome&#8221; content_menu_fe_icon=&#8221;arrow_back&#8221; text_align=&#8221;left&#8221; pattern_background=&#8221;&#8221; equal_height_columns=&#8221;yes&#8221;][vc_column width=&#8221;1\/3&#8243; css=&#8221;.vc_custom_1430388898212{background-color: #eeeeee !important;}&#8221;][vc_column_text css=&#8221;.vc_custom_1437045903708{padding-top: 20px !important;padding-right: 20px !important;padding-bottom: 20px !important;padding-left: 20px !important;}&#8221;]<\/p>\n<h3>CRIMINAL LAW<\/h3>\n<ul>\n<li>defense in all types of criminal cases<\/li>\n<li>representation of injured persons<\/li>\n<li>drafting criminal complaints<\/li>\n<li>drafting private lawsuits<\/li>\n<\/ul>\n<p>[\/vc_column_text][\/vc_column][vc_column width=&#8221;1\/3&#8243; css=&#8221;.vc_custom_1430388904973{background-color: #eeeeee !important;}&#8221;][vc_column_text css=&#8221;.vc_custom_1437045923292{padding-top: 20px !important;padding-right: 20px !important;padding-bottom: 20px !important;padding-left: 20px !important;}&#8221;]<\/p>\n<h3>PENAL LAW<\/h3>\n<ul>\n<li>defense in all types of misdemeanor cases<\/li>\n<li>representation of injured persons<\/li>\n<\/ul>\n<p>[\/vc_column_text][\/vc_column][vc_column width=&#8221;1\/3&#8243; css=&#8221;.vc_custom_1430389022265{background-color: #eeeeee !important;}&#8221;][vc_column_text css=&#8221;.vc_custom_1437045947924{padding-top: 20px !important;padding-right: 20px !important;padding-bottom: 20px !important;padding-left: 20px !important;}&#8221;]<\/p>\n<h3>LAW OF OBLIGATIONS<\/h3>\n<ul>\n<li>drafting contracts<\/li>\n<li>drafting legal opinions<\/li>\n<\/ul>\n<p>[\/vc_column_text][\/vc_column][\/vc_row][vc_row row_type=&#8221;row&#8221; use_row_as_full_screen_section=&#8221;no&#8221; type=&#8221;full_width&#8221; in_content_menu=&#8221;&#8221; icon_pack=&#8221;font_awesome&#8221; content_menu_fe_icon=&#8221;arrow_back&#8221; text_align=&#8221;left&#8221; pattern_background=&#8221;&#8221; equal_height_columns=&#8221;yes&#8221;][vc_column width=&#8221;1\/3&#8243; css=&#8221;.vc_custom_1430388898212{background-color: #eeeeee !important;}&#8221;][vc_column_text css=&#8221;.vc_custom_1437045976587{padding-top: 20px !important;padding-right: 20px !important;padding-bottom: 20px !important;padding-left: 20px !important;}&#8221;]<\/p>\n<h3>DAMAGES<\/h3>\n<ul>\n<li>extra-contractual and contractual liability for damage<\/li>\n<li>filing compensation claims<\/li>\n<li>violation of personality rights due to information published in the media<\/li>\n<\/ul>\n<p>[\/vc_column_text][\/vc_column][vc_column width=&#8221;1\/3&#8243; css=&#8221;.vc_custom_1430388904973{background-color: #eeeeee !important;}&#8221;][vc_column_text css=&#8221;.vc_custom_1437046008961{padding-top: 20px !important;padding-right: 20px !important;padding-bottom: 20px !important;padding-left: 20px !important;}&#8221;]<\/p>\n<h3>PROPERTY LAW<\/h3>\n<ul>\n<li>trespassing<\/li>\n<li>protection of property rights<\/li>\n<li>acquisition and sale of real estate<\/li>\n<li>drafting proposals for land registration<\/li>\n<\/ul>\n<p>[\/vc_column_text][\/vc_column][vc_column width=&#8221;1\/3&#8243; css=&#8221;.vc_custom_1430389022265{background-color: #eeeeee !important;}&#8221;][vc_column_text css=&#8221;.vc_custom_1437046038519{padding-top: 20px !important;padding-right: 20px !important;padding-bottom: 20px !important;padding-left: 20px !important;}&#8221;]<\/p>\n<h3>LAW OF SUCCESSION<\/h3>\n<ul>\n<li>making wills<\/li>\n<li>drafting contracts of inheritance (cession and allocation of assets in life)<\/li>\n<\/ul>\n<p>[\/vc_column_text][\/vc_column][\/vc_row][vc_row row_type=&#8221;row&#8221; use_row_as_full_screen_section=&#8221;no&#8221; type=&#8221;full_width&#8221; in_content_menu=&#8221;&#8221; icon_pack=&#8221;font_awesome&#8221; content_menu_fe_icon=&#8221;arrow_back&#8221; text_align=&#8221;left&#8221; pattern_background=&#8221;&#8221; equal_height_columns=&#8221;yes&#8221;][vc_column width=&#8221;1\/3&#8243; css=&#8221;.vc_custom_1430388898212{background-color: #eeeeee !important;}&#8221;][vc_column_text css=&#8221;.vc_custom_1437046061848{padding-top: 20px !important;padding-right: 20px !important;padding-bottom: 20px !important;padding-left: 20px !important;}&#8221;]<\/p>\n<h3>FAMILY LAW<\/h3>\n<ul>\n<li>representation in family disputes<\/li>\n<li>regulation of property relations<\/li>\n<\/ul>\n<p>[\/vc_column_text][\/vc_column][vc_column width=&#8221;1\/3&#8243; css=&#8221;.vc_custom_1430388904973{background-color: #eeeeee !important;}&#8221;][vc_column_text css=&#8221;.vc_custom_1437046089932{padding-top: 20px !important;padding-right: 20px !important;padding-bottom: 20px !important;padding-left: 20px !important;}&#8221;]<\/p>\n<h3>COMMERCIAL AND CORPORATE LAW<\/h3>\n<ul>\n<li>status change<\/li>\n<li>establishment of companies<\/li>\n<li>liquidation of companies<\/li>\n<\/ul>\n<p>[\/vc_column_text][\/vc_column][vc_column width=&#8221;1\/3&#8243; css=&#8221;.vc_custom_1430389022265{background-color: #eeeeee !important;}&#8221;][vc_column_text css=&#8221;.vc_custom_1437046117217{padding-top: 20px !important;padding-right: 20px !important;padding-bottom: 20px !important;padding-left: 20px !important;}&#8221;]<\/p>\n<h3>LABOR LAW<\/h3>\n<ul>\n<li>representation of employers and workers in labor disputes<\/li>\n<li>drafting employment contracts<\/li>\n<li>drafting management contracts<\/li>\n<\/ul>\n<p>[\/vc_column_text][\/vc_column][\/vc_row][vc_row row_type=&#8221;row&#8221; use_row_as_full_screen_section=&#8221;no&#8221; type=&#8221;full_width&#8221; in_content_menu=&#8221;&#8221; icon_pack=&#8221;font_awesome&#8221; content_menu_fe_icon=&#8221;arrow_back&#8221; text_align=&#8221;left&#8221; pattern_background=&#8221;&#8221; equal_height_columns=&#8221;yes&#8221;][vc_column width=&#8221;1\/3&#8243; css=&#8221;.vc_custom_1430388898212{background-color: #eeeeee !important;}&#8221;][vc_column_text css=&#8221;.vc_custom_1437046141443{padding-top: 20px !important;padding-right: 20px !important;padding-bottom: 20px !important;padding-left: 20px !important;}&#8221;]<\/p>\n<h3>ENFORCEMENT LAW<\/h3>\n<ul>\n<li>initiating enforced debt collection<\/li>\n<li>representation in enforcement proceedings<\/li>\n<\/ul>\n<p>[\/vc_column_text][\/vc_column][vc_column width=&#8221;1\/3&#8243; css=&#8221;.vc_custom_1430388904973{background-color: #eeeeee !important;}&#8221;][vc_column_text css=&#8221;.vc_custom_1437046165759{padding-top: 20px !important;padding-right: 20px !important;padding-bottom: 20px !important;padding-left: 20px !important;}&#8221;]<\/p>\n<h3>ADMINISTRATIVE LAW<\/h3>\n<ul>\n<li>representation in administrative proceedings<\/li>\n<li>representation before administrative courts<\/li>\n<\/ul>\n<p>[\/vc_column_text][\/vc_column][vc_column width=&#8221;1\/3&#8243; css=&#8221;.vc_custom_1430389022265{background-color: #eeeeee !important;}&#8221;][vc_column_text css=&#8221;.vc_custom_1437046209000{padding-top: 20px !important;padding-right: 20px !important;padding-bottom: 20px !important;padding-left: 20px !important;}&#8221;]<\/p>\n<h3>COURT AND OTHER PROCEDURES<\/h3>\n<ul>\n<li>representation in litigation and non-contentious proceedings<\/li>\n<li>representation before the European court of human rights<\/li>\n<li>arbitration and mediation<\/li>\n<\/ul>\n<p>[\/vc_column_text][\/vc_column][\/vc_row]<\/p>\n","protected":false},"excerpt":{"rendered":"<p>[vc_row row_type=&#8221;row&#8221; use_row_as_full_screen_section=&#8221;no&#8221; type=&#8221;full_width&#8221; in_content_menu=&#8221;&#8221; icon_pack=&#8221;font_awesome&#8221; content_menu_fe_icon=&#8221;arrow_back&#8221; text_align=&#8221;left&#8221; pattern_background=&#8221;&#8221; equal_height_columns=&#8221;yes&#8221;][vc_column width=&#8221;1\/3&#8243; css=&#8221;.vc_custom_1430388898212{background-color: #eeeeee !important;}&#8221;][vc_column_text css=&#8221;.vc_custom_1437045903708{padding-top: 20px !important;padding-right: 20px !important;padding-bottom: 20px !important;padding-left: 20px !important;}&#8221;] CRIMINAL LAW defense in all types of criminal cases representation of injured persons drafting criminal complaints drafting private lawsuits [\/vc_column_text][\/vc_column][vc_column width=&#8221;1\/3&#8243; css=&#8221;.vc_custom_1430388904973{background-color:&#8230;<\/p>\n","protected":false},"author":2,"featured_media":0,"parent":0,"menu_order":0,"comment_status":"closed","ping_status":"closed","template":"","meta":{"footnotes":""},"yoast_head":"<!-- This site is optimized with the Yoast SEO plugin v22.5 - https:\/\/yoast.com\/wordpress\/plugins\/seo\/ -->\n<title>Services | \u010coguri\u0107 &amp; Matak<\/title>\n<meta name=\"robots\" content=\"index, follow, max-snippet:-1, max-image-preview:large, max-video-preview:-1\" \/>\n<link rel=\"canonical\" href=\"https:\/\/www.coguric-matak.hr\/en\/services\/\" \/>\n<meta property=\"og:locale\" content=\"en_US\" \/>\n<meta property=\"og:type\" content=\"article\" \/>\n<meta property=\"og:title\" content=\"Services | \u010coguri\u0107 &amp; Matak\" \/>\n<meta property=\"og:description\" content=\"[vc_row row_type=&#8221;row&#8221; use_row_as_full_screen_section=&#8221;no&#8221; type=&#8221;full_width&#8221; in_content_menu=&#8221;&#8221; icon_pack=&#8221;font_awesome&#8221; content_menu_fe_icon=&#8221;arrow_back&#8221; text_align=&#8221;left&#8221; pattern_background=&#8221;&#8221; equal_height_columns=&#8221;yes&#8221;][vc_column width=&#8221;1\/3&#8243; css=&#8221;.vc_custom_1430388898212{background-color: #eeeeee !important;}&#8221;][vc_column_text css=&#8221;.vc_custom_1437045903708{padding-top: 20px !important;padding-right: 20px !important;padding-bottom: 20px !important;padding-left: 20px !important;}&#8221;] CRIMINAL LAW defense in all types of criminal cases representation of injured persons drafting criminal complaints drafting private lawsuits [\/vc_column_text][\/vc_column][vc_column width=&#8221;1\/3&#8243; css=&#8221;.vc_custom_1430388904973{background-color:...\" \/>\n<meta property=\"og:url\" content=\"https:\/\/www.coguric-matak.hr\/en\/services\/\" \/>\n<meta property=\"og:site_name\" content=\"\u010coguri\u0107 &amp; Matak\" \/>\n<meta property=\"article:modified_time\" content=\"2015-07-16T11:30:12+00:00\" \/>\n<meta name=\"twitter:card\" content=\"summary_large_image\" \/>\n<meta name=\"twitter:label1\" content=\"Est. reading time\" \/>\n\t<meta name=\"twitter:data1\" content=\"4 minutes\" \/>\n<script type=\"application\/ld+json\" class=\"yoast-schema-graph\">{\"@context\":\"https:\/\/schema.org\",\"@graph\":[{\"@type\":\"WebPage\",\"@id\":\"https:\/\/www.coguric-matak.hr\/en\/services\/\",\"url\":\"https:\/\/www.coguric-matak.hr\/en\/services\/\",\"name\":\"Services | \u010coguri\u0107 &amp; Matak\",\"isPartOf\":{\"@id\":\"https:\/\/www.coguric-matak.hr\/#website\"},\"datePublished\":\"2015-04-29T17:50:14+00:00\",\"dateModified\":\"2015-07-16T11:30:12+00:00\",\"breadcrumb\":{\"@id\":\"https:\/\/www.coguric-matak.hr\/en\/services\/#breadcrumb\"},\"inLanguage\":\"en-US\",\"potentialAction\":[{\"@type\":\"ReadAction\",\"target\":[\"https:\/\/www.coguric-matak.hr\/en\/services\/\"]}]},{\"@type\":\"BreadcrumbList\",\"@id\":\"https:\/\/www.coguric-matak.hr\/en\/services\/#breadcrumb\",\"itemListElement\":[{\"@type\":\"ListItem\",\"position\":1,\"name\":\"Po\u010detna stranica\",\"item\":\"https:\/\/www.coguric-matak.hr\/en\/\"},{\"@type\":\"ListItem\",\"position\":2,\"name\":\"Services\"}]},{\"@type\":\"WebSite\",\"@id\":\"https:\/\/www.coguric-matak.hr\/#website\",\"url\":\"https:\/\/www.coguric-matak.hr\/\",\"name\":\"\u010coguri\u0107 &amp; Matak\",\"description\":\"Law firm\",\"publisher\":{\"@id\":\"https:\/\/www.coguric-matak.hr\/#organization\"},\"potentialAction\":[{\"@type\":\"SearchAction\",\"target\":{\"@type\":\"EntryPoint\",\"urlTemplate\":\"https:\/\/www.coguric-matak.hr\/?s={search_term_string}\"},\"query-input\":\"required name=search_term_string\"}],\"inLanguage\":\"en-US\"},{\"@type\":\"Organization\",\"@id\":\"https:\/\/www.coguric-matak.hr\/#organization\",\"name\":\"Odvjetni\u010dko dru\u0161tvo \u010cOGURI\u0106 & PARTNERI d.o.o.\",\"url\":\"https:\/\/www.coguric-matak.hr\/\",\"logo\":{\"@type\":\"ImageObject\",\"inLanguage\":\"en-US\",\"@id\":\"https:\/\/www.coguric-matak.hr\/#\/schema\/logo\/image\/\",\"url\":\"https:\/\/www.coguric-matak.hr\/wp-content\/uploads\/2015\/04\/logo520.png\",\"contentUrl\":\"https:\/\/www.coguric-matak.hr\/wp-content\/uploads\/2015\/04\/logo520.png\",\"width\":520,\"height\":190,\"caption\":\"Odvjetni\u010dko dru\u0161tvo \u010cOGURI\u0106 & PARTNERI d.o.o.\"},\"image\":{\"@id\":\"https:\/\/www.coguric-matak.hr\/#\/schema\/logo\/image\/\"}}]}<\/script>\n<!-- \/ Yoast SEO plugin. -->","yoast_head_json":{"title":"Services | \u010coguri\u0107 &amp; Matak","robots":{"index":"index","follow":"follow","max-snippet":"max-snippet:-1","max-image-preview":"max-image-preview:large","max-video-preview":"max-video-preview:-1"},"canonical":"https:\/\/www.coguric-matak.hr\/en\/services\/","og_locale":"en_US","og_type":"article","og_title":"Services | \u010coguri\u0107 &amp; Matak","og_description":"[vc_row row_type=&#8221;row&#8221; use_row_as_full_screen_section=&#8221;no&#8221; type=&#8221;full_width&#8221; in_content_menu=&#8221;&#8221; icon_pack=&#8221;font_awesome&#8221; content_menu_fe_icon=&#8221;arrow_back&#8221; text_align=&#8221;left&#8221; pattern_background=&#8221;&#8221; equal_height_columns=&#8221;yes&#8221;][vc_column width=&#8221;1\/3&#8243; css=&#8221;.vc_custom_1430388898212{background-color: #eeeeee !important;}&#8221;][vc_column_text css=&#8221;.vc_custom_1437045903708{padding-top: 20px !important;padding-right: 20px !important;padding-bottom: 20px !important;padding-left: 20px !important;}&#8221;] CRIMINAL LAW defense in all types of criminal cases representation of injured persons drafting criminal complaints drafting private lawsuits [\/vc_column_text][\/vc_column][vc_column width=&#8221;1\/3&#8243; css=&#8221;.vc_custom_1430388904973{background-color:...","og_url":"https:\/\/www.coguric-matak.hr\/en\/services\/","og_site_name":"\u010coguri\u0107 &amp; Matak","article_modified_time":"2015-07-16T11:30:12+00:00","twitter_card":"summary_large_image","twitter_misc":{"Est. reading time":"4 minutes"},"schema":{"@context":"https:\/\/schema.org","@graph":[{"@type":"WebPage","@id":"https:\/\/www.coguric-matak.hr\/en\/services\/","url":"https:\/\/www.coguric-matak.hr\/en\/services\/","name":"Services | \u010coguri\u0107 &amp; Matak","isPartOf":{"@id":"https:\/\/www.coguric-matak.hr\/#website"},"datePublished":"2015-04-29T17:50:14+00:00","dateModified":"2015-07-16T11:30:12+00:00","breadcrumb":{"@id":"https:\/\/www.coguric-matak.hr\/en\/services\/#breadcrumb"},"inLanguage":"en-US","potentialAction":[{"@type":"ReadAction","target":["https:\/\/www.coguric-matak.hr\/en\/services\/"]}]},{"@type":"BreadcrumbList","@id":"https:\/\/www.coguric-matak.hr\/en\/services\/#breadcrumb","itemListElement":[{"@type":"ListItem","position":1,"name":"Po\u010detna stranica","item":"https:\/\/www.coguric-matak.hr\/en\/"},{"@type":"ListItem","position":2,"name":"Services"}]},{"@type":"WebSite","@id":"https:\/\/www.coguric-matak.hr\/#website","url":"https:\/\/www.coguric-matak.hr\/","name":"\u010coguri\u0107 &amp; Matak","description":"Law firm","publisher":{"@id":"https:\/\/www.coguric-matak.hr\/#organization"},"potentialAction":[{"@type":"SearchAction","target":{"@type":"EntryPoint","urlTemplate":"https:\/\/www.coguric-matak.hr\/?s={search_term_string}"},"query-input":"required name=search_term_string"}],"inLanguage":"en-US"},{"@type":"Organization","@id":"https:\/\/www.coguric-matak.hr\/#organization","name":"Odvjetni\u010dko dru\u0161tvo \u010cOGURI\u0106 & PARTNERI d.o.o.","url":"https:\/\/www.coguric-matak.hr\/","logo":{"@type":"ImageObject","inLanguage":"en-US","@id":"https:\/\/www.coguric-matak.hr\/#\/schema\/logo\/image\/","url":"https:\/\/www.coguric-matak.hr\/wp-content\/uploads\/2015\/04\/logo520.png","contentUrl":"https:\/\/www.coguric-matak.hr\/wp-content\/uploads\/2015\/04\/logo520.png","width":520,"height":190,"caption":"Odvjetni\u010dko dru\u0161tvo \u010cOGURI\u0106 & PARTNERI d.o.o."},"image":{"@id":"https:\/\/www.coguric-matak.hr\/#\/schema\/logo\/image\/"}}]}},"_links":{"self":[{"href":"https:\/\/www.coguric-matak.hr\/en\/wp-json\/wp\/v2\/pages\/335"}],"collection":[{"href":"https:\/\/www.coguric-matak.hr\/en\/wp-json\/wp\/v2\/pages"}],"about":[{"href":"https:\/\/www.coguric-matak.hr\/en\/wp-json\/wp\/v2\/types\/page"}],"author":[{"embeddable":true,"href":"https:\/\/www.coguric-matak.hr\/en\/wp-json\/wp\/v2\/users\/2"}],"replies":[{"embeddable":true,"href":"https:\/\/www.coguric-matak.hr\/en\/wp-json\/wp\/v2\/comments?post=335"}],"version-history":[{"count":3,"href":"https:\/\/www.coguric-matak.hr\/en\/wp-json\/wp\/v2\/pages\/335\/revisions"}],"predecessor-version":[{"id":338,"href":"https:\/\/www.coguric-matak.hr\/en\/wp-json\/wp\/v2\/pages\/335\/revisions\/338"}],"wp:attachment":[{"href":"https:\/\/www.coguric-matak.hr\/en\/wp-json\/wp\/v2\/media?parent=335"}],"curies":[{"name":"wp","href":"https:\/\/api.w.org\/{rel}","templated":true}]}}