{"id":339,"date":"2015-04-29T19:49:50","date_gmt":"2015-04-29T17:49:50","guid":{"rendered":"http:\/\/www.coguric-matak.hr\/kontakt-2\/"},"modified":"2021-06-10T09:50:51","modified_gmt":"2021-06-10T07:50:51","slug":"kontakt","status":"publish","type":"page","link":"https:\/\/www.coguric-matak.hr\/en\/kontakt\/","title":{"rendered":"Contact"},"content":{"rendered":"<p>[vc_row row_type=&#8221;row&#8221; use_row_as_full_screen_section=&#8221;no&#8221; type=&#8221;grid&#8221; text_align=&#8221;left&#8221; background_animation=&#8221;none&#8221; css_animation=&#8221;&#8221; css=&#8221;.vc_custom_1430410169080{margin-top: 40px !important;}&#8221;][vc_column width=&#8221;1\/3&#8243; css=&#8221;.vc_custom_1431535904455{padding-right: 0px !important;}&#8221;][vc_single_image image=&#8221;784&#8243; img_size=&#8221;full&#8221; qode_css_animation=&#8221;&#8221; el_class=&#8221;logopicture&#8221;][vc_column_text]Odvjetni\u010dko dru\u0161tvo \u010cOGURI\u0106 &amp; MATAK d.o.o.<br \/>\nAddress: Ilica 41a, HR-10000 Zagreb<br \/>\nOIB: 25849043143<br \/>\nTel: +385 1 484 11 75<br \/>\nFax: +385 1 484 11 75[\/vc_column_text]<a href=\"..\/impressum\/\" target=\"_self\" data-hover-background-color='#ff0000' data-hover-color='#ffffff' class=\"qbutton  medium qbutton_with_icon\" style=\"color: #ffffff; margin: 20px 0 20px; background-color: #666666;\">Impressum<i class=\"qode_icon_font_awesome fa  button_icon\" style=\"\" ><\/i><\/a>[\/vc_column][vc_column width=&#8221;2\/3&#8243; css=&#8221;.vc_custom_1430478147686{margin-top: 15px !important;}&#8221;]\n<div class=\"wpcf7 no-js\" id=\"wpcf7-f343-o1\" lang=\"en-US\" dir=\"ltr\">\n<div class=\"screen-reader-response\"><p role=\"status\" aria-live=\"polite\" aria-atomic=\"true\"><\/p> <ul><\/ul><\/div>\n<form action=\"\/en\/wp-json\/wp\/v2\/pages\/339#wpcf7-f343-o1\" method=\"post\" class=\"wpcf7-form init default\" aria-label=\"Contact form\" novalidate=\"novalidate\" data-status=\"init\">\n<div style=\"display: none;\">\n<input type=\"hidden\" name=\"_wpcf7\" value=\"343\" \/>\n<input type=\"hidden\" name=\"_wpcf7_version\" value=\"5.9.3\" \/>\n<input type=\"hidden\" name=\"_wpcf7_locale\" value=\"en_US\" \/>\n<input type=\"hidden\" name=\"_wpcf7_unit_tag\" value=\"wpcf7-f343-o1\" \/>\n<input type=\"hidden\" name=\"_wpcf7_container_post\" value=\"0\" \/>\n<input type=\"hidden\" name=\"_wpcf7_posted_data_hash\" value=\"\" \/>\n<\/div>\n<p>Your Name *\n<\/p>\n<p><span class=\"wpcf7-form-control-wrap\" data-name=\"your-name\"><input size=\"40\" class=\"wpcf7-form-control wpcf7-text wpcf7-validates-as-required\" aria-required=\"true\" aria-invalid=\"false\" value=\"\" type=\"text\" name=\"your-name\" \/><\/span>\n<\/p>\n<p>Your Email *\n<\/p>\n<p><span class=\"wpcf7-form-control-wrap\" data-name=\"your-email\"><input size=\"40\" class=\"wpcf7-form-control wpcf7-email wpcf7-validates-as-required wpcf7-text wpcf7-validates-as-email\" aria-required=\"true\" aria-invalid=\"false\" value=\"\" type=\"email\" name=\"your-email\" \/><\/span>\n<\/p>\n<p>Your Message\n<\/p>\n<p><span class=\"wpcf7-form-control-wrap\" data-name=\"your-message\"><textarea cols=\"40\" rows=\"10\" class=\"wpcf7-form-control wpcf7-textarea\" aria-invalid=\"false\" name=\"your-message\"><\/textarea><\/span>\n<\/p>\n<p class=\"wpcf7-acceptance-paragraph\"><span class=\"wpcf7-form-control-wrap\" data-name=\"accept-this\"><span class=\"wpcf7-form-control wpcf7-acceptance\"><span class=\"wpcf7-list-item\"><input type=\"checkbox\" name=\"accept-this\" value=\"1\" class=\"acceptance\" aria-invalid=\"false\" \/><\/span><\/span><\/span> By using this form you agree with the storage and handling of your data by this website.\n<\/p>\n<p><span id=\"wpcf7-69eb5946696a1-wrapper\" class=\"wpcf7-form-control-wrap honeypot-zastita-wrap\" style=\"display:none !important; visibility:hidden !important;\"><label for=\"wpcf7-69eb5946696a1-field\" class=\"hp-message\">Please leave this field empty.<\/label><input id=\"wpcf7-69eb5946696a1-field\"  class=\"wpcf7-form-control wpcf7-text\" type=\"text\" name=\"honeypot-zastita\" value=\"\" size=\"40\" tabindex=\"-1\" autocomplete=\"new-password\" \/><\/span>\n<\/p>\n<p><input class=\"wpcf7-form-control wpcf7-submit has-spinner\" type=\"submit\" value=\"Send\" \/>\n<\/p><div class=\"wpcf7-response-output\" aria-hidden=\"true\"><\/div>\n<\/form>\n<\/div>\n[\/vc_column][\/vc_row][vc_row row_type=&#8221;row&#8221; use_row_as_full_screen_section=&#8221;no&#8221; type=&#8221;full_width&#8221; text_align=&#8221;left&#8221; background_animation=&#8221;none&#8221; css_animation=&#8221;&#8221; el_class=&#8221;gmapa&#8221;][vc_column][vc_column_text]<div id=\"wpgmza_map\" class=\"wpgmza_map\" data-settings='{\"id\":\"1\",\"map_title\":\"Coguric i Partneri\",\"map_width\":\"100\",\"map_height\":\"400\",\"map_start_lat\":\"45.813201\",\"map_start_lng\":\"15.969286\",\"map_start_location\":\"45.813201,15.969286000000011\",\"map_start_zoom\":\"16\",\"default_marker\":\"0\",\"type\":\"1\",\"alignment\":\"1\",\"directions_enabled\":\"1\",\"styling_enabled\":\"0\",\"styling_json\":\"\",\"active\":\"0\",\"kml\":\"\",\"bicycle\":\"0\",\"traffic\":\"0\",\"dbox\":\"1\",\"dbox_width\":\"100\",\"listmarkers\":\"0\",\"listmarkers_advanced\":\"0\",\"filterbycat\":\"0\",\"ugm_enabled\":\"0\",\"ugm_category_enabled\":\"0\",\"fusion\":\"\",\"map_width_type\":\"\\\\%\",\"map_height_type\":\"px\",\"mass_marker_support\":\"1\",\"ugm_access\":\"0\",\"order_markers_by\":\"1\",\"order_markers_choice\":\"2\",\"show_user_location\":\"0\",\"default_to\":\"\",\"other_settings\":{\"store_locator_enabled\":2,\"store_locator_distance\":2,\"store_locator_default_radius\":\"10\",\"store_locator_not_found_message\":\"No results found in this location. Please try again.\",\"store_locator_bounce\":1,\"store_locator_query_string\":\"ZIP \\\/ Adresa:\",\"store_locator_default_address\":\"\",\"wpgmza_store_locator_restrict\":\"\",\"store_locator_style\":\"modern\",\"wpgmza_store_locator_radius_style\":\"modern\",\"map_max_zoom\":\"1\",\"transport_layer\":0,\"wpgmza_theme_data\":\"[{\\\\\\\"featureType\\\\\\\": \\\\\\\"administrative\\\\\\\",\\\\\\\"elementType\\\\\\\": \\\\\\\"labels.text.fill\\\\\\\",\\\\\\\"stylers\\\\\\\": [{\\\\\\\"color\\\\\\\": \\\\\\\"#444444\\\\\\\"}]},{\\\\\\\"featureType\\\\\\\": \\\\\\\"landscape\\\\\\\",\\\\\\\"elementType\\\\\\\": \\\\\\\"all\\\\\\\",\\\\\\\"stylers\\\\\\\": [{\\\\\\\"color\\\\\\\": \\\\\\\"#f2f2f2\\\\\\\"}]},{\\\\\\\"featureType\\\\\\\": \\\\\\\"poi\\\\\\\",\\\\\\\"elementType\\\\\\\": \\\\\\\"all\\\\\\\",\\\\\\\"stylers\\\\\\\": [{\\\\\\\"visibility\\\\\\\": \\\\\\\"off\\\\\\\"}]},{\\\\\\\"featureType\\\\\\\": \\\\\\\"road\\\\\\\",\\\\\\\"elementType\\\\\\\": \\\\\\\"all\\\\\\\",\\\\\\\"stylers\\\\\\\": [{\\\\\\\"saturation\\\\\\\": -100},{\\\\\\\"lightness\\\\\\\": 45}]},{\\\\\\\"featureType\\\\\\\": \\\\\\\"road.highway\\\\\\\",\\\\\\\"elementType\\\\\\\": \\\\\\\"all\\\\\\\",\\\\\\\"stylers\\\\\\\": [{\\\\\\\"visibility\\\\\\\": \\\\\\\"simplified\\\\\\\"}]},{\\\\\\\"featureType\\\\\\\": \\\\\\\"road.arterial\\\\\\\",\\\\\\\"elementType\\\\\\\": \\\\\\\"labels.icon\\\\\\\",\\\\\\\"stylers\\\\\\\": [{\\\\\\\"visibility\\\\\\\": \\\\\\\"off\\\\\\\"}]},{\\\\\\\"featureType\\\\\\\": \\\\\\\"transit\\\\\\\",\\\\\\\"elementType\\\\\\\": \\\\\\\"all\\\\\\\",\\\\\\\"stylers\\\\\\\": [{\\\\\\\"visibility\\\\\\\": \\\\\\\"off\\\\\\\"}]},{\\\\\\\"featureType\\\\\\\": \\\\\\\"water\\\\\\\",\\\\\\\"elementType\\\\\\\": \\\\\\\"all\\\\\\\",\\\\\\\"stylers\\\\\\\": [{\\\\\\\"color\\\\\\\": \\\\\\\"#46bcec\\\\\\\"},{\\\\\\\"visibility\\\\\\\": \\\\\\\"on\\\\\\\"}]}]\",\"wpgmza_theme_selection\":1,\"wpgmza_show_points_of_interest\":1}}' data-map-id='1' Data-maps-engine='google-maps' data-shortcode-attributes='{\"id\":\"1\"}' style=\"display:block; overflow:auto; width:100%; height:400px; float:left;\"><\/div>[\/vc_column_text][\/vc_column][\/vc_row]<\/p>\n","protected":false},"excerpt":{"rendered":"<p>[vc_row row_type=&#8221;row&#8221; use_row_as_full_screen_section=&#8221;no&#8221; type=&#8221;grid&#8221; text_align=&#8221;left&#8221; background_animation=&#8221;none&#8221; css_animation=&#8221;&#8221; css=&#8221;.vc_custom_1430410169080{margin-top: 40px !important;}&#8221;][vc_column width=&#8221;1\/3&#8243; css=&#8221;.vc_custom_1431535904455{padding-right: 0px !important;}&#8221;][vc_single_image image=&#8221;784&#8243; img_size=&#8221;full&#8221; qode_css_animation=&#8221;&#8221; el_class=&#8221;logopicture&#8221;][vc_column_text]Odvjetni\u010dko dru\u0161tvo \u010cOGURI\u0106 &amp; MATAK d.o.o. Address: Ilica 41a, HR-10000 Zagreb OIB: 25849043143 Tel: +385 1 484 11 75 Fax: +385 1 484 11 75[\/vc_column_text][\/vc_column][vc_column width=&#8221;2\/3&#8243; css=&#8221;.vc_custom_1430478147686{margin-top: 15px&#8230;<\/p>\n","protected":false},"author":2,"featured_media":0,"parent":0,"menu_order":0,"comment_status":"closed","ping_status":"closed","template":"","meta":{"footnotes":""},"yoast_head":"<!-- This site is optimized with the Yoast SEO plugin v22.5 - https:\/\/yoast.com\/wordpress\/plugins\/seo\/ -->\n<title>Contact | \u010coguri\u0107 &amp; Matak<\/title>\n<meta name=\"robots\" content=\"index, follow, max-snippet:-1, max-image-preview:large, max-video-preview:-1\" \/>\n<link rel=\"canonical\" href=\"https:\/\/www.coguric-matak.hr\/en\/kontakt\/\" \/>\n<meta property=\"og:locale\" content=\"en_US\" \/>\n<meta property=\"og:type\" content=\"article\" \/>\n<meta property=\"og:title\" content=\"Contact | \u010coguri\u0107 &amp; Matak\" \/>\n<meta property=\"og:description\" content=\"[vc_row row_type=&#8221;row&#8221; use_row_as_full_screen_section=&#8221;no&#8221; type=&#8221;grid&#8221; text_align=&#8221;left&#8221; background_animation=&#8221;none&#8221; css_animation=&#8221;&#8221; css=&#8221;.vc_custom_1430410169080{margin-top: 40px !important;}&#8221;][vc_column width=&#8221;1\/3&#8243; css=&#8221;.vc_custom_1431535904455{padding-right: 0px !important;}&#8221;][vc_single_image image=&#8221;784&#8243; img_size=&#8221;full&#8221; qode_css_animation=&#8221;&#8221; el_class=&#8221;logopicture&#8221;][vc_column_text]Odvjetni\u010dko dru\u0161tvo \u010cOGURI\u0106 &amp; MATAK d.o.o. Address: Ilica 41a, HR-10000 Zagreb OIB: 25849043143 Tel: +385 1 484 11 75 Fax: +385 1 484 11 75[\/vc_column_text][\/vc_column][vc_column width=&#8221;2\/3&#8243; css=&#8221;.vc_custom_1430478147686{margin-top: 15px...\" \/>\n<meta property=\"og:url\" content=\"https:\/\/www.coguric-matak.hr\/en\/kontakt\/\" \/>\n<meta property=\"og:site_name\" content=\"\u010coguri\u0107 &amp; Matak\" \/>\n<meta property=\"article:modified_time\" content=\"2021-06-10T07:50:51+00:00\" \/>\n<meta name=\"twitter:card\" content=\"summary_large_image\" \/>\n<meta name=\"twitter:label1\" content=\"Est. reading time\" \/>\n\t<meta name=\"twitter:data1\" content=\"1 minute\" \/>\n<script type=\"application\/ld+json\" class=\"yoast-schema-graph\">{\"@context\":\"https:\/\/schema.org\",\"@graph\":[{\"@type\":\"WebPage\",\"@id\":\"https:\/\/www.coguric-matak.hr\/en\/kontakt\/\",\"url\":\"https:\/\/www.coguric-matak.hr\/en\/kontakt\/\",\"name\":\"Contact | \u010coguri\u0107 &amp; Matak\",\"isPartOf\":{\"@id\":\"https:\/\/www.coguric-matak.hr\/#website\"},\"datePublished\":\"2015-04-29T17:49:50+00:00\",\"dateModified\":\"2021-06-10T07:50:51+00:00\",\"breadcrumb\":{\"@id\":\"https:\/\/www.coguric-matak.hr\/en\/kontakt\/#breadcrumb\"},\"inLanguage\":\"en-US\",\"potentialAction\":[{\"@type\":\"ReadAction\",\"target\":[\"https:\/\/www.coguric-matak.hr\/en\/kontakt\/\"]}]},{\"@type\":\"BreadcrumbList\",\"@id\":\"https:\/\/www.coguric-matak.hr\/en\/kontakt\/#breadcrumb\",\"itemListElement\":[{\"@type\":\"ListItem\",\"position\":1,\"name\":\"Po\u010detna stranica\",\"item\":\"https:\/\/www.coguric-matak.hr\/en\/\"},{\"@type\":\"ListItem\",\"position\":2,\"name\":\"Contact\"}]},{\"@type\":\"WebSite\",\"@id\":\"https:\/\/www.coguric-matak.hr\/#website\",\"url\":\"https:\/\/www.coguric-matak.hr\/\",\"name\":\"\u010coguri\u0107 &amp; Matak\",\"description\":\"Law firm\",\"publisher\":{\"@id\":\"https:\/\/www.coguric-matak.hr\/#organization\"},\"potentialAction\":[{\"@type\":\"SearchAction\",\"target\":{\"@type\":\"EntryPoint\",\"urlTemplate\":\"https:\/\/www.coguric-matak.hr\/?s={search_term_string}\"},\"query-input\":\"required name=search_term_string\"}],\"inLanguage\":\"en-US\"},{\"@type\":\"Organization\",\"@id\":\"https:\/\/www.coguric-matak.hr\/#organization\",\"name\":\"Odvjetni\u010dko dru\u0161tvo \u010cOGURI\u0106 & PARTNERI d.o.o.\",\"url\":\"https:\/\/www.coguric-matak.hr\/\",\"logo\":{\"@type\":\"ImageObject\",\"inLanguage\":\"en-US\",\"@id\":\"https:\/\/www.coguric-matak.hr\/#\/schema\/logo\/image\/\",\"url\":\"https:\/\/www.coguric-matak.hr\/wp-content\/uploads\/2015\/04\/logo520.png\",\"contentUrl\":\"https:\/\/www.coguric-matak.hr\/wp-content\/uploads\/2015\/04\/logo520.png\",\"width\":520,\"height\":190,\"caption\":\"Odvjetni\u010dko dru\u0161tvo \u010cOGURI\u0106 & PARTNERI d.o.o.\"},\"image\":{\"@id\":\"https:\/\/www.coguric-matak.hr\/#\/schema\/logo\/image\/\"}}]}<\/script>\n<!-- \/ Yoast SEO plugin. -->","yoast_head_json":{"title":"Contact | \u010coguri\u0107 &amp; Matak","robots":{"index":"index","follow":"follow","max-snippet":"max-snippet:-1","max-image-preview":"max-image-preview:large","max-video-preview":"max-video-preview:-1"},"canonical":"https:\/\/www.coguric-matak.hr\/en\/kontakt\/","og_locale":"en_US","og_type":"article","og_title":"Contact | \u010coguri\u0107 &amp; Matak","og_description":"[vc_row row_type=&#8221;row&#8221; use_row_as_full_screen_section=&#8221;no&#8221; type=&#8221;grid&#8221; text_align=&#8221;left&#8221; background_animation=&#8221;none&#8221; css_animation=&#8221;&#8221; css=&#8221;.vc_custom_1430410169080{margin-top: 40px !important;}&#8221;][vc_column width=&#8221;1\/3&#8243; css=&#8221;.vc_custom_1431535904455{padding-right: 0px !important;}&#8221;][vc_single_image image=&#8221;784&#8243; img_size=&#8221;full&#8221; qode_css_animation=&#8221;&#8221; el_class=&#8221;logopicture&#8221;][vc_column_text]Odvjetni\u010dko dru\u0161tvo \u010cOGURI\u0106 &amp; MATAK d.o.o. Address: Ilica 41a, HR-10000 Zagreb OIB: 25849043143 Tel: +385 1 484 11 75 Fax: +385 1 484 11 75[\/vc_column_text][\/vc_column][vc_column width=&#8221;2\/3&#8243; css=&#8221;.vc_custom_1430478147686{margin-top: 15px...","og_url":"https:\/\/www.coguric-matak.hr\/en\/kontakt\/","og_site_name":"\u010coguri\u0107 &amp; Matak","article_modified_time":"2021-06-10T07:50:51+00:00","twitter_card":"summary_large_image","twitter_misc":{"Est. reading time":"1 minute"},"schema":{"@context":"https:\/\/schema.org","@graph":[{"@type":"WebPage","@id":"https:\/\/www.coguric-matak.hr\/en\/kontakt\/","url":"https:\/\/www.coguric-matak.hr\/en\/kontakt\/","name":"Contact | \u010coguri\u0107 &amp; Matak","isPartOf":{"@id":"https:\/\/www.coguric-matak.hr\/#website"},"datePublished":"2015-04-29T17:49:50+00:00","dateModified":"2021-06-10T07:50:51+00:00","breadcrumb":{"@id":"https:\/\/www.coguric-matak.hr\/en\/kontakt\/#breadcrumb"},"inLanguage":"en-US","potentialAction":[{"@type":"ReadAction","target":["https:\/\/www.coguric-matak.hr\/en\/kontakt\/"]}]},{"@type":"BreadcrumbList","@id":"https:\/\/www.coguric-matak.hr\/en\/kontakt\/#breadcrumb","itemListElement":[{"@type":"ListItem","position":1,"name":"Po\u010detna stranica","item":"https:\/\/www.coguric-matak.hr\/en\/"},{"@type":"ListItem","position":2,"name":"Contact"}]},{"@type":"WebSite","@id":"https:\/\/www.coguric-matak.hr\/#website","url":"https:\/\/www.coguric-matak.hr\/","name":"\u010coguri\u0107 &amp; Matak","description":"Law firm","publisher":{"@id":"https:\/\/www.coguric-matak.hr\/#organization"},"potentialAction":[{"@type":"SearchAction","target":{"@type":"EntryPoint","urlTemplate":"https:\/\/www.coguric-matak.hr\/?s={search_term_string}"},"query-input":"required name=search_term_string"}],"inLanguage":"en-US"},{"@type":"Organization","@id":"https:\/\/www.coguric-matak.hr\/#organization","name":"Odvjetni\u010dko dru\u0161tvo \u010cOGURI\u0106 & PARTNERI d.o.o.","url":"https:\/\/www.coguric-matak.hr\/","logo":{"@type":"ImageObject","inLanguage":"en-US","@id":"https:\/\/www.coguric-matak.hr\/#\/schema\/logo\/image\/","url":"https:\/\/www.coguric-matak.hr\/wp-content\/uploads\/2015\/04\/logo520.png","contentUrl":"https:\/\/www.coguric-matak.hr\/wp-content\/uploads\/2015\/04\/logo520.png","width":520,"height":190,"caption":"Odvjetni\u010dko dru\u0161tvo \u010cOGURI\u0106 & PARTNERI d.o.o."},"image":{"@id":"https:\/\/www.coguric-matak.hr\/#\/schema\/logo\/image\/"}}]}},"_links":{"self":[{"href":"https:\/\/www.coguric-matak.hr\/en\/wp-json\/wp\/v2\/pages\/339"}],"collection":[{"href":"https:\/\/www.coguric-matak.hr\/en\/wp-json\/wp\/v2\/pages"}],"about":[{"href":"https:\/\/www.coguric-matak.hr\/en\/wp-json\/wp\/v2\/types\/page"}],"author":[{"embeddable":true,"href":"https:\/\/www.coguric-matak.hr\/en\/wp-json\/wp\/v2\/users\/2"}],"replies":[{"embeddable":true,"href":"https:\/\/www.coguric-matak.hr\/en\/wp-json\/wp\/v2\/comments?post=339"}],"version-history":[{"count":6,"href":"https:\/\/www.coguric-matak.hr\/en\/wp-json\/wp\/v2\/pages\/339\/revisions"}],"predecessor-version":[{"id":789,"href":"https:\/\/www.coguric-matak.hr\/en\/wp-json\/wp\/v2\/pages\/339\/revisions\/789"}],"wp:attachment":[{"href":"https:\/\/www.coguric-matak.hr\/en\/wp-json\/wp\/v2\/media?parent=339"}],"curies":[{"name":"wp","href":"https:\/\/api.w.org\/{rel}","templated":true}]}}