{"id":345,"date":"2015-04-29T19:50:03","date_gmt":"2015-04-29T17:50:03","guid":{"rendered":"http:\/\/www.coguric-matak.hr\/ljudi-3\/"},"modified":"2021-07-02T10:14:57","modified_gmt":"2021-07-02T08:14:57","slug":"people","status":"publish","type":"page","link":"https:\/\/www.coguric-matak.hr\/en\/people\/","title":{"rendered":"People"},"content":{"rendered":"<p>[vc_row row_type=&#8221;row&#8221; use_row_as_full_screen_section=&#8221;no&#8221; type=&#8221;full_width&#8221; anchor=&#8221;rajko&#8221; text_align=&#8221;left&#8221; background_animation=&#8221;none&#8221; css_animation=&#8221;&#8221; el_class=&#8221;ljudi&#8221;][vc_column width=&#8221;1\/2&#8243;][vc_single_image image=&#8221;239&#8243; img_size=&#8221;full&#8221; qode_css_animation=&#8221;element_from_fade&#8221; css=&#8221;.vc_custom_1431527328103{padding-top: 10px !important;}&#8221; el_class=&#8221;fotografija&#8221;][\/vc_column][vc_column width=&#8221;1\/2&#8243; css=&#8221;.vc_custom_1431528391339{margin-bottom: 0px !important;}&#8221;][vc_column_text el_class=&#8221;crveni&#8221;]<\/p>\n<h2 id=\"rajko\">Rajko\u00a0\u010coguri\u0107<\/h2>\n<p><em>partner<\/em><\/p>\n<p>&nbsp;<\/p>\n<p>Attorney Rajko \u010coguri\u0107 has several decades of experience in practicing law, primarily criminal law. In his long career, attorney \u010coguri\u0107 has defended persons accused of almost all types of crime. In particular, he has vast experience in conducting criminal proceedings for criminal offenses in the area of financial and white collar crime. In this regard, his knowledge of commercial and corporate law, acquired throughout his long career, has proven to be particularly beneficial, as he still practices it today.[\/vc_column_text][vc_empty_space height=&#8221;40px&#8221;][vc_column_text]<\/p>\n<h4>PROFESSIONAL EXPERIENCE<\/h4>\n<ul>\n<li>Law Firm \u010coguri\u0107 &amp; Matak (2021- present) &#8211; partner<\/li>\n<li>Law Firm \u010coguri\u0107 &amp; Partners (2013- 2021) &#8211; partner<\/li>\n<li>Law Firm \u010coguri\u0107 &amp; Naumovski (2010- 2013) &#8211; partner<\/li>\n<li>Law Firm Andreis-\u010coguri\u0107 &amp; Partners (2007-2010) &#8211; partner<\/li>\n<li>Law Firm Andreis &amp; \u010coguri\u0107 (1996-2007) &#8211; partner<\/li>\n<li>Independent law firm (1990-1996) &#8211; attorney-at-law<\/li>\n<li>District Attorney&#8217;s Office in Zagreb (1984-1990) &#8211; Deputy District Attorney<\/li>\n<li>Municipal State Attorney&#8217;s Office in Zagreb (1979-1984) &#8211; Deputy Municipal State Attorney<\/li>\n<li>District Attorney&#8217;s Office in Zagreb (1977-1979) \u2013 State Attorney\u2019s trainee<\/li>\n<\/ul>\n<p>[\/vc_column_text][\/vc_column][\/vc_row][vc_row row_type=&#8221;row&#8221; use_row_as_full_screen_section=&#8221;no&#8221; type=&#8221;full_width&#8221; text_align=&#8221;left&#8221; background_animation=&#8221;none&#8221; css_animation=&#8221;&#8221;][vc_column width=&#8221;1\/4&#8243; css=&#8221;.vc_custom_1431528489304{margin-top: 40px !important;}&#8221;][vc_column_text el_class=&#8221;pleft&#8221;]<\/p>\n<h4>MAIN AREAS OF BUSINESS<\/h4>\n<ul>\n<li>criminal law<\/li>\n<li>commercial law<\/li>\n<li>corporate law<\/li>\n<li>property law<\/li>\n<li>law of obligations<\/li>\n<\/ul>\n<p>[\/vc_column_text][\/vc_column][vc_column width=&#8221;1\/4&#8243; css=&#8221;.vc_custom_1431528519180{margin-top: 40px !important;}&#8221;][vc_column_text]<\/p>\n<h4>EDUCATION<\/h4>\n<ul>\n<li>Bar Exam (1979)<\/li>\n<li>University of Zagreb Law School (1977)<\/li>\n<\/ul>\n<p>[\/vc_column_text][\/vc_column][vc_column width=&#8221;1\/4&#8243; css=&#8221;.vc_custom_1431528758946{margin-top: 40px !important;}&#8221;][vc_column_text]<\/p>\n<h4>FOREIGN LANGUAGES<\/h4>\n<ul>\n<li>English<\/li>\n<li>Slovenian<\/li>\n<\/ul>\n<p>[\/vc_column_text][\/vc_column][vc_column width=&#8221;1\/4&#8243;][vc_column_text css=&#8221;.vc_custom_1437046885600{margin-top: 40px !important;}&#8221;]<\/p>\n<h4><\/h4>\n<h4>CONTACT:<\/h4>\n<p><a href=\"mailto:rajko.coguric@coguric-matak.hr\">rajko.coguric@coguric-matak.hr<\/a>[\/vc_column_text][\/vc_column][\/vc_row][vc_row row_type=&#8221;row&#8221; use_row_as_full_screen_section=&#8221;no&#8221; type=&#8221;full_width&#8221; text_align=&#8221;left&#8221; background_animation=&#8221;none&#8221; css_animation=&#8221;&#8221;][vc_column][vc_separator type=&#8221;normal&#8221; border_style=&#8221;&#8221;][\/vc_column][\/vc_row][vc_row row_type=&#8221;row&#8221; use_row_as_full_screen_section=&#8221;no&#8221; type=&#8221;full_width&#8221; anchor=&#8221;sime&#8221; text_align=&#8221;left&#8221; background_animation=&#8221;none&#8221; css_animation=&#8221;&#8221; el_class=&#8221;ljudi&#8221;][vc_column width=&#8221;1\/2&#8243;][vc_single_image image=&#8221;240&#8243; img_size=&#8221;full&#8221; qode_css_animation=&#8221;element_from_fade&#8221; css=&#8221;.vc_custom_1431527345683{padding-top: 10px !important;}&#8221; el_class=&#8221;fotografija&#8221;][\/vc_column][vc_column width=&#8221;1\/2&#8243; css=&#8221;.vc_custom_1431528428430{margin-bottom: 0px !important;}&#8221;][vc_column_text el_class=&#8221;crveni&#8221;]<\/p>\n<h2 id=\"sime\">\u0160IME MATAK<\/h2>\n<p><em>attorney-at-law<\/em><\/p>\n<p>[\/vc_column_text][vc_empty_space height=&#8221;25px&#8221;][vc_column_text]Attorney \u0160ime Matak graduated from the University of Zagreb Law School in 2012 with a <em>magna cum laude<\/em> degree. After graduation, he started working as a trainee lawyer at the Law firm \u010coguri\u0107 &amp; Partners (\u010coguri\u0107 &amp; Naumovski d.o.o. at the time) and has been working for the same firm ever since. He registered in the Croatian Bar in 2015, and in 2017 became partner at the Law firm \u010coguri\u0107 &amp; Partners, which changed its name to \u010coguri\u0107 &amp; Matak in 2021.<\/p>\n<p>&nbsp;<\/p>\n<p>Attorney \u0160ime Matak is a doctoral student enrolled in the criminal studies program at the University of Zagreb Law School. He is predominantly focused on criminal and misdemeanor law but is also experienced in other areas of law.[\/vc_column_text][vc_empty_space height=&#8221;40px&#8221;][vc_column_text]<\/p>\n<h4>PROFESSIONAL EXPERIENCE<\/h4>\n<ul>\n<li>Law Firm \u010coguri\u0107 &amp; Matak (2021\u2013 present) \u2013 partner attorney<\/li>\n<li>Law Firm \u010coguri\u0107 &amp; Partners (2017 \u2013 2021) \u2013 partner attorney<\/li>\n<li>Law Firm \u010coguri\u0107 &amp; Partners (2015 \u2013 2017) \u2013 attorney<\/li>\n<li>Law Firm \u010coguri\u0107 &amp; Partners (2012 \u2013 2015) \u2013 trainee lawyer<\/li>\n<\/ul>\n<p>[\/vc_column_text][vc_empty_space height=&#8221;40px&#8221;][vc_column_text]<\/p>\n<h4>PUBLISHED PAPERS<\/h4>\n<ul>\n<li>Evidence from abroad from the position of defense \u2013 the ability to acquire, control of legality and reliability, <em>Hrvatski ljetopis za kaznene znanosti i praksu<\/em> (en. Croatian Annual of Criminal Sciences and Practice) (Zagreb), vol. 27, no.\u00a02\/2020, pages 521\u2013 541 (review paper)<\/li>\n<li>Human trafficking for the purposes of sexual exploitation \u2013 the effect of the legalization of prostitution on reducing human trafficking, <em>Pravnik<\/em> (en. Lawyer), 46, 1 (92), 2012 (professional paper, co-author)<\/li>\n<\/ul>\n<p>[\/vc_column_text][\/vc_column][\/vc_row][vc_row row_type=&#8221;row&#8221; use_row_as_full_screen_section=&#8221;no&#8221; type=&#8221;full_width&#8221; text_align=&#8221;left&#8221; background_animation=&#8221;none&#8221; css_animation=&#8221;&#8221;][vc_column width=&#8221;1\/4&#8243; css=&#8221;.vc_custom_1431528489304{margin-top: 40px !important;}&#8221;][vc_column_text el_class=&#8221;pleft&#8221;]<\/p>\n<h4>MAIN AREAS OF BUSINESS<\/h4>\n<ul>\n<li>criminal law<\/li>\n<li>misdemeanor law<\/li>\n<li>damages<\/li>\n<li>commercial law<\/li>\n<li>media law<\/li>\n<\/ul>\n<p>[\/vc_column_text][\/vc_column][vc_column width=&#8221;1\/2&#8243; css=&#8221;.vc_custom_1431528519180{margin-top: 40px !important;}&#8221;][vc_column_text]<\/p>\n<h4>EDUCATION<\/h4>\n<ul>\n<li>Bar Exam (2014) \u2013 passed with distinction<\/li>\n<li>University of Zagreb Law School (2012) \u2013 LL.M., diploma <em>magna cum laude<\/em>\n<ul>\n<li>Dean&#8217;s Award for Excellence (2010 and 2011)<\/li>\n<li>Chancellor&#8217;s Award (2012)<\/li>\n<\/ul>\n<\/li>\n<li>University of Stockholm (2012) \u2013 summer semester as part of the Erasmus program<\/li>\n<\/ul>\n<p>[\/vc_column_text][\/vc_column][vc_column width=&#8221;1\/4&#8243; css=&#8221;.vc_custom_1431528758946{margin-top: 40px !important;}&#8221;][vc_column_text]<\/p>\n<h4>FOREIGN LANGUAGES<\/h4>\n<ul>\n<li>English<\/li>\n<li>Spanish<\/li>\n<\/ul>\n<p>[\/vc_column_text][vc_column_text css=&#8221;.vc_custom_1437047229696{margin-top: 40px !important;}&#8221;]<\/p>\n<h4><\/h4>\n<h4>CONTACT:<\/h4>\n<p><a href=\"mailto:sime.matak@coguric-matak.hr\">sime.matak@coguric-matak.hr<\/a>[\/vc_column_text][\/vc_column][\/vc_row][vc_row row_type=&#8221;row&#8221; use_row_as_full_screen_section=&#8221;no&#8221; type=&#8221;full_width&#8221; text_align=&#8221;left&#8221; background_animation=&#8221;none&#8221; css_animation=&#8221;&#8221;][vc_column][vc_separator type=&#8221;normal&#8221; border_style=&#8221;&#8221;][\/vc_column][\/vc_row][vc_row row_type=&#8221;row&#8221; use_row_as_full_screen_section=&#8221;no&#8221; type=&#8221;full_width&#8221; anchor=&#8221;nika&#8221; text_align=&#8221;left&#8221; background_animation=&#8221;none&#8221; css_animation=&#8221;&#8221; el_class=&#8221;ljudi&#8221;][vc_column width=&#8221;1\/2&#8243;][vc_single_image image=&#8221;802&#8243; img_size=&#8221;full&#8221; qode_css_animation=&#8221;element_from_fade&#8221; css=&#8221;.vc_custom_1625211300871{padding-top: 10px !important;}&#8221; el_class=&#8221;fotografija&#8221;][\/vc_column][vc_column width=&#8221;1\/2&#8243; css=&#8221;.vc_custom_1431528428430{margin-bottom: 0px !important;}&#8221;][vc_column_text el_class=&#8221;crveni&#8221;]<\/p>\n<h2 id=\"nika\">NIKA \u010cOGURI\u0106<\/h2>\n<p><em>attorney-at-law<\/em><\/p>\n<p>&nbsp;<\/p>\n<p>Attorney Nika \u010coguri\u0107 graduated from the University of Split Law School in 2014. She gained professional experience as a lawyer through administrative work at our law firm, after which she completed her training and pursued her career as an attorney, registering in the Croatian Bar in 2017.<\/p>\n<p>&nbsp;<\/p>\n<p>Attorney \u010coguri\u0107 is predominantly focused on commercial law, civil law, labor law, enforcement law and family law.[\/vc_column_text][vc_empty_space height=&#8221;40px&#8221;][vc_column_text]<\/p>\n<h4>PROFESSIONAL EXPERIENCE<\/h4>\n<ul>\n<li>Law Firm \u010coguri\u0107 &amp; Matak (2021\u2013 present) \u2013 attorney<\/li>\n<li>Law Firm \u010coguri\u0107 &amp; Partners (2017 \u2013 2021) \u2013 attorney<\/li>\n<li>Law Firm \u010coguri\u0107 &amp; Partners (2014 \u2013 2017) \u2013 trainee lawyer<\/li>\n<\/ul>\n<p>[\/vc_column_text][\/vc_column][\/vc_row][vc_row row_type=&#8221;row&#8221; use_row_as_full_screen_section=&#8221;no&#8221; type=&#8221;full_width&#8221; text_align=&#8221;left&#8221; background_animation=&#8221;none&#8221; css_animation=&#8221;&#8221;][vc_column width=&#8221;1\/4&#8243; css=&#8221;.vc_custom_1431528489304{margin-top: 40px !important;}&#8221;][vc_column_text el_class=&#8221;pleft&#8221;]<\/p>\n<h4>MAIN AREAS OF BUSINESS<\/h4>\n<ul>\n<li>commercial law<\/li>\n<li>company law<\/li>\n<li>civil law<\/li>\n<li>labor law<\/li>\n<li>enforcement law<\/li>\n<li>family law<\/li>\n<\/ul>\n<p>[\/vc_column_text][\/vc_column][vc_column width=&#8221;1\/4&#8243; css=&#8221;.vc_custom_1431528519180{margin-top: 40px !important;}&#8221;][vc_column_text]<\/p>\n<h4>EDUCATION<\/h4>\n<ul>\n<li>University of Split Law School (2014)<\/li>\n<\/ul>\n<p>[\/vc_column_text][\/vc_column][vc_column width=&#8221;1\/4&#8243; css=&#8221;.vc_custom_1431528758946{margin-top: 40px !important;}&#8221;][vc_column_text css=&#8221;.vc_custom_1625211386065{margin-top: 40px !important;}&#8221;]<\/p>\n<h4>FOREIGN LANGUAGES<\/h4>\n<ul>\n<li>English<\/li>\n<li>German<\/li>\n<\/ul>\n<p>[\/vc_column_text][\/vc_column][vc_column width=&#8221;1\/4&#8243;][vc_column_text css=&#8221;.vc_custom_1625211495796{margin-top: 40px !important;}&#8221;]<\/p>\n<h4><\/h4>\n<h4>CONTACT:<\/h4>\n<p><a href=\"mailto:nika.coguric@coguric-matak.hr\">nika.coguric@coguric-matak.hr<\/a>[\/vc_column_text][\/vc_column][\/vc_row][vc_row row_type=&#8221;row&#8221; use_row_as_full_screen_section=&#8221;no&#8221; type=&#8221;full_width&#8221; text_align=&#8221;left&#8221; background_animation=&#8221;none&#8221; css_animation=&#8221;&#8221;][vc_column][vc_separator type=&#8221;normal&#8221; border_style=&#8221;&#8221;][\/vc_column][\/vc_row][vc_row row_type=&#8221;row&#8221; use_row_as_full_screen_section=&#8221;no&#8221; type=&#8221;full_width&#8221; anchor=&#8221;jasenka&#8221; text_align=&#8221;left&#8221; background_animation=&#8221;none&#8221; css_animation=&#8221;&#8221; el_class=&#8221;ljudi&#8221;][vc_column width=&#8221;1\/2&#8243;][vc_single_image image=&#8221;238&#8243; img_size=&#8221;full&#8221; qode_css_animation=&#8221;element_from_fade&#8221; css=&#8221;.vc_custom_1431527354405{padding-top: 10px !important;}&#8221; el_class=&#8221;fotografija&#8221;][\/vc_column][vc_column width=&#8221;1\/2&#8243;][vc_column_text el_class=&#8221;crveni&#8221;]<\/p>\n<h2 id=\"jasenka\">JASENKA BLA\u017dUN<\/h2>\n<p><em>secretary<\/em><\/p>\n<p>&nbsp;<\/p>\n<p>Jasenka Bla\u017eun has years&#8217; experience in carrying out administrative work, first as a typist at the Zagreb County Court, and later as a secretary in Law Firm Andreis-\u010coguri\u0107 &amp; Matak and Law Firm \u010coguri\u0107 &amp; Matak, where she works today.[\/vc_column_text][\/vc_column][\/vc_row]<\/p>\n","protected":false},"excerpt":{"rendered":"<p>[vc_row row_type=&#8221;row&#8221; use_row_as_full_screen_section=&#8221;no&#8221; type=&#8221;full_width&#8221; anchor=&#8221;rajko&#8221; text_align=&#8221;left&#8221; background_animation=&#8221;none&#8221; css_animation=&#8221;&#8221; el_class=&#8221;ljudi&#8221;][vc_column width=&#8221;1\/2&#8243;][vc_single_image image=&#8221;239&#8243; img_size=&#8221;full&#8221; qode_css_animation=&#8221;element_from_fade&#8221; css=&#8221;.vc_custom_1431527328103{padding-top: 10px !important;}&#8221; el_class=&#8221;fotografija&#8221;][\/vc_column][vc_column width=&#8221;1\/2&#8243; css=&#8221;.vc_custom_1431528391339{margin-bottom: 0px !important;}&#8221;][vc_column_text el_class=&#8221;crveni&#8221;] Rajko\u00a0\u010coguri\u0107 partner &nbsp; Attorney Rajko \u010coguri\u0107 has several decades of experience in practicing law, primarily criminal law. In his long career, attorney \u010coguri\u0107&#8230;<\/p>\n","protected":false},"author":2,"featured_media":0,"parent":0,"menu_order":0,"comment_status":"closed","ping_status":"closed","template":"","meta":{"footnotes":""},"yoast_head":"<!-- This site is optimized with the Yoast SEO plugin v22.5 - https:\/\/yoast.com\/wordpress\/plugins\/seo\/ -->\n<title>People | \u010coguri\u0107 &amp; Matak<\/title>\n<meta name=\"robots\" content=\"index, follow, max-snippet:-1, max-image-preview:large, max-video-preview:-1\" \/>\n<link rel=\"canonical\" href=\"https:\/\/www.coguric-matak.hr\/en\/people\/\" \/>\n<meta property=\"og:locale\" content=\"en_US\" \/>\n<meta property=\"og:type\" content=\"article\" \/>\n<meta property=\"og:title\" content=\"People | \u010coguri\u0107 &amp; Matak\" \/>\n<meta property=\"og:description\" content=\"[vc_row row_type=&#8221;row&#8221; use_row_as_full_screen_section=&#8221;no&#8221; type=&#8221;full_width&#8221; anchor=&#8221;rajko&#8221; text_align=&#8221;left&#8221; background_animation=&#8221;none&#8221; css_animation=&#8221;&#8221; el_class=&#8221;ljudi&#8221;][vc_column width=&#8221;1\/2&#8243;][vc_single_image image=&#8221;239&#8243; img_size=&#8221;full&#8221; qode_css_animation=&#8221;element_from_fade&#8221; css=&#8221;.vc_custom_1431527328103{padding-top: 10px !important;}&#8221; el_class=&#8221;fotografija&#8221;][\/vc_column][vc_column width=&#8221;1\/2&#8243; css=&#8221;.vc_custom_1431528391339{margin-bottom: 0px !important;}&#8221;][vc_column_text el_class=&#8221;crveni&#8221;] Rajko\u00a0\u010coguri\u0107 partner &nbsp; Attorney Rajko \u010coguri\u0107 has several decades of experience in practicing law, primarily criminal law. In his long career, attorney \u010coguri\u0107...\" \/>\n<meta property=\"og:url\" content=\"https:\/\/www.coguric-matak.hr\/en\/people\/\" \/>\n<meta property=\"og:site_name\" content=\"\u010coguri\u0107 &amp; Matak\" \/>\n<meta property=\"article:modified_time\" content=\"2021-07-02T08:14:57+00:00\" \/>\n<meta name=\"twitter:card\" content=\"summary_large_image\" \/>\n<meta name=\"twitter:label1\" content=\"Est. reading time\" \/>\n\t<meta name=\"twitter:data1\" content=\"4 minutes\" \/>\n<script type=\"application\/ld+json\" class=\"yoast-schema-graph\">{\"@context\":\"https:\/\/schema.org\",\"@graph\":[{\"@type\":\"WebPage\",\"@id\":\"https:\/\/www.coguric-matak.hr\/en\/people\/\",\"url\":\"https:\/\/www.coguric-matak.hr\/en\/people\/\",\"name\":\"People | \u010coguri\u0107 &amp; Matak\",\"isPartOf\":{\"@id\":\"https:\/\/www.coguric-matak.hr\/#website\"},\"datePublished\":\"2015-04-29T17:50:03+00:00\",\"dateModified\":\"2021-07-02T08:14:57+00:00\",\"breadcrumb\":{\"@id\":\"https:\/\/www.coguric-matak.hr\/en\/people\/#breadcrumb\"},\"inLanguage\":\"en-US\",\"potentialAction\":[{\"@type\":\"ReadAction\",\"target\":[\"https:\/\/www.coguric-matak.hr\/en\/people\/\"]}]},{\"@type\":\"BreadcrumbList\",\"@id\":\"https:\/\/www.coguric-matak.hr\/en\/people\/#breadcrumb\",\"itemListElement\":[{\"@type\":\"ListItem\",\"position\":1,\"name\":\"Po\u010detna stranica\",\"item\":\"https:\/\/www.coguric-matak.hr\/en\/\"},{\"@type\":\"ListItem\",\"position\":2,\"name\":\"People\"}]},{\"@type\":\"WebSite\",\"@id\":\"https:\/\/www.coguric-matak.hr\/#website\",\"url\":\"https:\/\/www.coguric-matak.hr\/\",\"name\":\"\u010coguri\u0107 &amp; Matak\",\"description\":\"Law firm\",\"publisher\":{\"@id\":\"https:\/\/www.coguric-matak.hr\/#organization\"},\"potentialAction\":[{\"@type\":\"SearchAction\",\"target\":{\"@type\":\"EntryPoint\",\"urlTemplate\":\"https:\/\/www.coguric-matak.hr\/?s={search_term_string}\"},\"query-input\":\"required name=search_term_string\"}],\"inLanguage\":\"en-US\"},{\"@type\":\"Organization\",\"@id\":\"https:\/\/www.coguric-matak.hr\/#organization\",\"name\":\"Odvjetni\u010dko dru\u0161tvo \u010cOGURI\u0106 & PARTNERI d.o.o.\",\"url\":\"https:\/\/www.coguric-matak.hr\/\",\"logo\":{\"@type\":\"ImageObject\",\"inLanguage\":\"en-US\",\"@id\":\"https:\/\/www.coguric-matak.hr\/#\/schema\/logo\/image\/\",\"url\":\"https:\/\/www.coguric-matak.hr\/wp-content\/uploads\/2015\/04\/logo520.png\",\"contentUrl\":\"https:\/\/www.coguric-matak.hr\/wp-content\/uploads\/2015\/04\/logo520.png\",\"width\":520,\"height\":190,\"caption\":\"Odvjetni\u010dko dru\u0161tvo \u010cOGURI\u0106 & PARTNERI d.o.o.\"},\"image\":{\"@id\":\"https:\/\/www.coguric-matak.hr\/#\/schema\/logo\/image\/\"}}]}<\/script>\n<!-- \/ Yoast SEO plugin. -->","yoast_head_json":{"title":"People | \u010coguri\u0107 &amp; Matak","robots":{"index":"index","follow":"follow","max-snippet":"max-snippet:-1","max-image-preview":"max-image-preview:large","max-video-preview":"max-video-preview:-1"},"canonical":"https:\/\/www.coguric-matak.hr\/en\/people\/","og_locale":"en_US","og_type":"article","og_title":"People | \u010coguri\u0107 &amp; Matak","og_description":"[vc_row row_type=&#8221;row&#8221; use_row_as_full_screen_section=&#8221;no&#8221; type=&#8221;full_width&#8221; anchor=&#8221;rajko&#8221; text_align=&#8221;left&#8221; background_animation=&#8221;none&#8221; css_animation=&#8221;&#8221; el_class=&#8221;ljudi&#8221;][vc_column width=&#8221;1\/2&#8243;][vc_single_image image=&#8221;239&#8243; img_size=&#8221;full&#8221; qode_css_animation=&#8221;element_from_fade&#8221; css=&#8221;.vc_custom_1431527328103{padding-top: 10px !important;}&#8221; el_class=&#8221;fotografija&#8221;][\/vc_column][vc_column width=&#8221;1\/2&#8243; css=&#8221;.vc_custom_1431528391339{margin-bottom: 0px !important;}&#8221;][vc_column_text el_class=&#8221;crveni&#8221;] Rajko\u00a0\u010coguri\u0107 partner &nbsp; Attorney Rajko \u010coguri\u0107 has several decades of experience in practicing law, primarily criminal law. In his long career, attorney \u010coguri\u0107...","og_url":"https:\/\/www.coguric-matak.hr\/en\/people\/","og_site_name":"\u010coguri\u0107 &amp; Matak","article_modified_time":"2021-07-02T08:14:57+00:00","twitter_card":"summary_large_image","twitter_misc":{"Est. reading time":"4 minutes"},"schema":{"@context":"https:\/\/schema.org","@graph":[{"@type":"WebPage","@id":"https:\/\/www.coguric-matak.hr\/en\/people\/","url":"https:\/\/www.coguric-matak.hr\/en\/people\/","name":"People | \u010coguri\u0107 &amp; Matak","isPartOf":{"@id":"https:\/\/www.coguric-matak.hr\/#website"},"datePublished":"2015-04-29T17:50:03+00:00","dateModified":"2021-07-02T08:14:57+00:00","breadcrumb":{"@id":"https:\/\/www.coguric-matak.hr\/en\/people\/#breadcrumb"},"inLanguage":"en-US","potentialAction":[{"@type":"ReadAction","target":["https:\/\/www.coguric-matak.hr\/en\/people\/"]}]},{"@type":"BreadcrumbList","@id":"https:\/\/www.coguric-matak.hr\/en\/people\/#breadcrumb","itemListElement":[{"@type":"ListItem","position":1,"name":"Po\u010detna stranica","item":"https:\/\/www.coguric-matak.hr\/en\/"},{"@type":"ListItem","position":2,"name":"People"}]},{"@type":"WebSite","@id":"https:\/\/www.coguric-matak.hr\/#website","url":"https:\/\/www.coguric-matak.hr\/","name":"\u010coguri\u0107 &amp; Matak","description":"Law firm","publisher":{"@id":"https:\/\/www.coguric-matak.hr\/#organization"},"potentialAction":[{"@type":"SearchAction","target":{"@type":"EntryPoint","urlTemplate":"https:\/\/www.coguric-matak.hr\/?s={search_term_string}"},"query-input":"required name=search_term_string"}],"inLanguage":"en-US"},{"@type":"Organization","@id":"https:\/\/www.coguric-matak.hr\/#organization","name":"Odvjetni\u010dko dru\u0161tvo \u010cOGURI\u0106 & PARTNERI d.o.o.","url":"https:\/\/www.coguric-matak.hr\/","logo":{"@type":"ImageObject","inLanguage":"en-US","@id":"https:\/\/www.coguric-matak.hr\/#\/schema\/logo\/image\/","url":"https:\/\/www.coguric-matak.hr\/wp-content\/uploads\/2015\/04\/logo520.png","contentUrl":"https:\/\/www.coguric-matak.hr\/wp-content\/uploads\/2015\/04\/logo520.png","width":520,"height":190,"caption":"Odvjetni\u010dko dru\u0161tvo \u010cOGURI\u0106 & PARTNERI d.o.o."},"image":{"@id":"https:\/\/www.coguric-matak.hr\/#\/schema\/logo\/image\/"}}]}},"_links":{"self":[{"href":"https:\/\/www.coguric-matak.hr\/en\/wp-json\/wp\/v2\/pages\/345"}],"collection":[{"href":"https:\/\/www.coguric-matak.hr\/en\/wp-json\/wp\/v2\/pages"}],"about":[{"href":"https:\/\/www.coguric-matak.hr\/en\/wp-json\/wp\/v2\/types\/page"}],"author":[{"embeddable":true,"href":"https:\/\/www.coguric-matak.hr\/en\/wp-json\/wp\/v2\/users\/2"}],"replies":[{"embeddable":true,"href":"https:\/\/www.coguric-matak.hr\/en\/wp-json\/wp\/v2\/comments?post=345"}],"version-history":[{"count":14,"href":"https:\/\/www.coguric-matak.hr\/en\/wp-json\/wp\/v2\/pages\/345\/revisions"}],"predecessor-version":[{"id":830,"href":"https:\/\/www.coguric-matak.hr\/en\/wp-json\/wp\/v2\/pages\/345\/revisions\/830"}],"wp:attachment":[{"href":"https:\/\/www.coguric-matak.hr\/en\/wp-json\/wp\/v2\/media?parent=345"}],"curies":[{"name":"wp","href":"https:\/\/api.w.org\/{rel}","templated":true}]}}