{"id":372,"date":"2015-07-28T10:24:11","date_gmt":"2015-04-29T17:49:50","guid":{"rendered":"http:\/\/www.coguric-matak.hr\/impressum-2\/"},"modified":"2015-08-12T11:55:10","modified_gmt":"2015-08-12T09:55:10","slug":"impressum","status":"publish","type":"page","link":"https:\/\/www.coguric-matak.hr\/en\/impressum\/","title":{"rendered":"Impressum"},"content":{"rendered":"<p>[vc_row][vc_column width=&#8221;1\/2&#8243;][vc_column_text el_class=&#8221;popis&#8221;]<strong>Name<\/strong>: ODVJETNI\u010cKO DRU\u0160TVO \u010cOGURI\u0106 &amp; PARTNERI d.o.o.<br \/>\n<strong>Full name<\/strong>: ODVJETNI\u010cKO DRU\u0160TVO \u010cOGURI\u0106 &amp; PARTNERI\u00a0dru\u0161tvo s ograni\u010denom odgovorno\u0161\u0107u<br \/>\n<strong>Headquaters<\/strong>: Ilica 41A, Zagreb<br \/>\n<strong>MB<\/strong>: 02595753<br \/>\n<strong>OIB<\/strong>: 25849043143<br \/>\n<strong>Director<\/strong>: Rajko \u010coguri\u0107<br \/>\n<strong>Board members<\/strong>: Rajko \u010coguri\u0107, Vesna Pe\u0107ani\u0107[\/vc_column_text][\/vc_column][vc_column width=&#8221;1\/2&#8243;][vc_column_text el_class=&#8221;popis&#8221;]<strong>Share capital<\/strong>: 350.000,00 kn, upla\u0107en u cijelosti<br \/>\n<strong>Company register<\/strong>: Trgova\u010dki sud u Zagrebu<\/p>\n<p><strong>Bank<\/strong>:<br \/>\nZagreba\u010dka banka d.d.<br \/>\nTrg bana Josipa Jela\u010di\u0107a 10<br \/>\n10 000 Zagreb,\u00a0Croatia<\/p>\n<p><strong>IBAN<\/strong>: HR0323600001102118099<br \/>\n<strong>SWIFT<\/strong> (BIC): ZABAHR2X[\/vc_column_text][\/vc_column][\/vc_row]<\/p>\n","protected":false},"excerpt":{"rendered":"<p>[vc_row][vc_column width=&#8221;1\/2&#8243;][vc_column_text el_class=&#8221;popis&#8221;]Name: ODVJETNI\u010cKO DRU\u0160TVO \u010cOGURI\u0106 &amp; PARTNERI d.o.o. Full name: ODVJETNI\u010cKO DRU\u0160TVO \u010cOGURI\u0106 &amp; PARTNERI\u00a0dru\u0161tvo s ograni\u010denom odgovorno\u0161\u0107u Headquaters: Ilica 41A, Zagreb MB: 02595753 OIB: 25849043143 Director: Rajko \u010coguri\u0107 Board members: Rajko \u010coguri\u0107, Vesna Pe\u0107ani\u0107[\/vc_column_text][\/vc_column][vc_column width=&#8221;1\/2&#8243;][vc_column_text el_class=&#8221;popis&#8221;]Share capital: 350.000,00 kn, upla\u0107en u cijelosti Company&#8230;<\/p>\n","protected":false},"author":2,"featured_media":0,"parent":0,"menu_order":0,"comment_status":"closed","ping_status":"closed","template":"","meta":{"footnotes":""},"yoast_head":"<!-- This site is optimized with the Yoast SEO plugin v22.5 - https:\/\/yoast.com\/wordpress\/plugins\/seo\/ -->\n<title>Impressum | \u010coguri\u0107 &amp; Matak<\/title>\n<meta name=\"robots\" content=\"index, follow, max-snippet:-1, max-image-preview:large, max-video-preview:-1\" \/>\n<link rel=\"canonical\" href=\"https:\/\/www.coguric-matak.hr\/en\/impressum\/\" \/>\n<meta property=\"og:locale\" content=\"en_US\" \/>\n<meta property=\"og:type\" content=\"article\" \/>\n<meta property=\"og:title\" content=\"Impressum | \u010coguri\u0107 &amp; Matak\" \/>\n<meta property=\"og:description\" content=\"[vc_row][vc_column width=&#8221;1\/2&#8243;][vc_column_text el_class=&#8221;popis&#8221;]Name: ODVJETNI\u010cKO DRU\u0160TVO \u010cOGURI\u0106 &amp; PARTNERI d.o.o. Full name: ODVJETNI\u010cKO DRU\u0160TVO \u010cOGURI\u0106 &amp; PARTNERI\u00a0dru\u0161tvo s ograni\u010denom odgovorno\u0161\u0107u Headquaters: Ilica 41A, Zagreb MB: 02595753 OIB: 25849043143 Director: Rajko \u010coguri\u0107 Board members: Rajko \u010coguri\u0107, Vesna Pe\u0107ani\u0107[\/vc_column_text][\/vc_column][vc_column width=&#8221;1\/2&#8243;][vc_column_text el_class=&#8221;popis&#8221;]Share capital: 350.000,00 kn, upla\u0107en u cijelosti Company...\" \/>\n<meta property=\"og:url\" content=\"https:\/\/www.coguric-matak.hr\/en\/impressum\/\" \/>\n<meta property=\"og:site_name\" content=\"\u010coguri\u0107 &amp; Matak\" \/>\n<meta property=\"article:modified_time\" content=\"2015-08-12T09:55:10+00:00\" \/>\n<meta name=\"twitter:card\" content=\"summary_large_image\" \/>\n<meta name=\"twitter:label1\" content=\"Est. reading time\" \/>\n\t<meta name=\"twitter:data1\" content=\"1 minute\" \/>\n<script type=\"application\/ld+json\" class=\"yoast-schema-graph\">{\"@context\":\"https:\/\/schema.org\",\"@graph\":[{\"@type\":\"WebPage\",\"@id\":\"https:\/\/www.coguric-matak.hr\/en\/impressum\/\",\"url\":\"https:\/\/www.coguric-matak.hr\/en\/impressum\/\",\"name\":\"Impressum | \u010coguri\u0107 &amp; Matak\",\"isPartOf\":{\"@id\":\"https:\/\/www.coguric-matak.hr\/#website\"},\"datePublished\":\"2015-04-29T17:49:50+00:00\",\"dateModified\":\"2015-08-12T09:55:10+00:00\",\"breadcrumb\":{\"@id\":\"https:\/\/www.coguric-matak.hr\/en\/impressum\/#breadcrumb\"},\"inLanguage\":\"en-US\",\"potentialAction\":[{\"@type\":\"ReadAction\",\"target\":[\"https:\/\/www.coguric-matak.hr\/en\/impressum\/\"]}]},{\"@type\":\"BreadcrumbList\",\"@id\":\"https:\/\/www.coguric-matak.hr\/en\/impressum\/#breadcrumb\",\"itemListElement\":[{\"@type\":\"ListItem\",\"position\":1,\"name\":\"Po\u010detna stranica\",\"item\":\"https:\/\/www.coguric-matak.hr\/en\/\"},{\"@type\":\"ListItem\",\"position\":2,\"name\":\"Impressum\"}]},{\"@type\":\"WebSite\",\"@id\":\"https:\/\/www.coguric-matak.hr\/#website\",\"url\":\"https:\/\/www.coguric-matak.hr\/\",\"name\":\"\u010coguri\u0107 &amp; Matak\",\"description\":\"Law firm\",\"publisher\":{\"@id\":\"https:\/\/www.coguric-matak.hr\/#organization\"},\"potentialAction\":[{\"@type\":\"SearchAction\",\"target\":{\"@type\":\"EntryPoint\",\"urlTemplate\":\"https:\/\/www.coguric-matak.hr\/?s={search_term_string}\"},\"query-input\":\"required name=search_term_string\"}],\"inLanguage\":\"en-US\"},{\"@type\":\"Organization\",\"@id\":\"https:\/\/www.coguric-matak.hr\/#organization\",\"name\":\"Odvjetni\u010dko dru\u0161tvo \u010cOGURI\u0106 & PARTNERI d.o.o.\",\"url\":\"https:\/\/www.coguric-matak.hr\/\",\"logo\":{\"@type\":\"ImageObject\",\"inLanguage\":\"en-US\",\"@id\":\"https:\/\/www.coguric-matak.hr\/#\/schema\/logo\/image\/\",\"url\":\"https:\/\/www.coguric-matak.hr\/wp-content\/uploads\/2015\/04\/logo520.png\",\"contentUrl\":\"https:\/\/www.coguric-matak.hr\/wp-content\/uploads\/2015\/04\/logo520.png\",\"width\":520,\"height\":190,\"caption\":\"Odvjetni\u010dko dru\u0161tvo \u010cOGURI\u0106 & PARTNERI d.o.o.\"},\"image\":{\"@id\":\"https:\/\/www.coguric-matak.hr\/#\/schema\/logo\/image\/\"}}]}<\/script>\n<!-- \/ Yoast SEO plugin. -->","yoast_head_json":{"title":"Impressum | \u010coguri\u0107 &amp; Matak","robots":{"index":"index","follow":"follow","max-snippet":"max-snippet:-1","max-image-preview":"max-image-preview:large","max-video-preview":"max-video-preview:-1"},"canonical":"https:\/\/www.coguric-matak.hr\/en\/impressum\/","og_locale":"en_US","og_type":"article","og_title":"Impressum | \u010coguri\u0107 &amp; Matak","og_description":"[vc_row][vc_column width=&#8221;1\/2&#8243;][vc_column_text el_class=&#8221;popis&#8221;]Name: ODVJETNI\u010cKO DRU\u0160TVO \u010cOGURI\u0106 &amp; PARTNERI d.o.o. Full name: ODVJETNI\u010cKO DRU\u0160TVO \u010cOGURI\u0106 &amp; PARTNERI\u00a0dru\u0161tvo s ograni\u010denom odgovorno\u0161\u0107u Headquaters: Ilica 41A, Zagreb MB: 02595753 OIB: 25849043143 Director: Rajko \u010coguri\u0107 Board members: Rajko \u010coguri\u0107, Vesna Pe\u0107ani\u0107[\/vc_column_text][\/vc_column][vc_column width=&#8221;1\/2&#8243;][vc_column_text el_class=&#8221;popis&#8221;]Share capital: 350.000,00 kn, upla\u0107en u cijelosti Company...","og_url":"https:\/\/www.coguric-matak.hr\/en\/impressum\/","og_site_name":"\u010coguri\u0107 &amp; Matak","article_modified_time":"2015-08-12T09:55:10+00:00","twitter_card":"summary_large_image","twitter_misc":{"Est. reading time":"1 minute"},"schema":{"@context":"https:\/\/schema.org","@graph":[{"@type":"WebPage","@id":"https:\/\/www.coguric-matak.hr\/en\/impressum\/","url":"https:\/\/www.coguric-matak.hr\/en\/impressum\/","name":"Impressum | \u010coguri\u0107 &amp; Matak","isPartOf":{"@id":"https:\/\/www.coguric-matak.hr\/#website"},"datePublished":"2015-04-29T17:49:50+00:00","dateModified":"2015-08-12T09:55:10+00:00","breadcrumb":{"@id":"https:\/\/www.coguric-matak.hr\/en\/impressum\/#breadcrumb"},"inLanguage":"en-US","potentialAction":[{"@type":"ReadAction","target":["https:\/\/www.coguric-matak.hr\/en\/impressum\/"]}]},{"@type":"BreadcrumbList","@id":"https:\/\/www.coguric-matak.hr\/en\/impressum\/#breadcrumb","itemListElement":[{"@type":"ListItem","position":1,"name":"Po\u010detna stranica","item":"https:\/\/www.coguric-matak.hr\/en\/"},{"@type":"ListItem","position":2,"name":"Impressum"}]},{"@type":"WebSite","@id":"https:\/\/www.coguric-matak.hr\/#website","url":"https:\/\/www.coguric-matak.hr\/","name":"\u010coguri\u0107 &amp; Matak","description":"Law firm","publisher":{"@id":"https:\/\/www.coguric-matak.hr\/#organization"},"potentialAction":[{"@type":"SearchAction","target":{"@type":"EntryPoint","urlTemplate":"https:\/\/www.coguric-matak.hr\/?s={search_term_string}"},"query-input":"required name=search_term_string"}],"inLanguage":"en-US"},{"@type":"Organization","@id":"https:\/\/www.coguric-matak.hr\/#organization","name":"Odvjetni\u010dko dru\u0161tvo \u010cOGURI\u0106 & PARTNERI d.o.o.","url":"https:\/\/www.coguric-matak.hr\/","logo":{"@type":"ImageObject","inLanguage":"en-US","@id":"https:\/\/www.coguric-matak.hr\/#\/schema\/logo\/image\/","url":"https:\/\/www.coguric-matak.hr\/wp-content\/uploads\/2015\/04\/logo520.png","contentUrl":"https:\/\/www.coguric-matak.hr\/wp-content\/uploads\/2015\/04\/logo520.png","width":520,"height":190,"caption":"Odvjetni\u010dko dru\u0161tvo \u010cOGURI\u0106 & PARTNERI d.o.o."},"image":{"@id":"https:\/\/www.coguric-matak.hr\/#\/schema\/logo\/image\/"}}]}},"_links":{"self":[{"href":"https:\/\/www.coguric-matak.hr\/en\/wp-json\/wp\/v2\/pages\/372"}],"collection":[{"href":"https:\/\/www.coguric-matak.hr\/en\/wp-json\/wp\/v2\/pages"}],"about":[{"href":"https:\/\/www.coguric-matak.hr\/en\/wp-json\/wp\/v2\/types\/page"}],"author":[{"embeddable":true,"href":"https:\/\/www.coguric-matak.hr\/en\/wp-json\/wp\/v2\/users\/2"}],"replies":[{"embeddable":true,"href":"https:\/\/www.coguric-matak.hr\/en\/wp-json\/wp\/v2\/comments?post=372"}],"version-history":[{"count":4,"href":"https:\/\/www.coguric-matak.hr\/en\/wp-json\/wp\/v2\/pages\/372\/revisions"}],"predecessor-version":[{"id":381,"href":"https:\/\/www.coguric-matak.hr\/en\/wp-json\/wp\/v2\/pages\/372\/revisions\/381"}],"wp:attachment":[{"href":"https:\/\/www.coguric-matak.hr\/en\/wp-json\/wp\/v2\/media?parent=372"}],"curies":[{"name":"wp","href":"https:\/\/api.w.org\/{rel}","templated":true}]}}